{"id":40,"date":"2016-11-26T19:52:11","date_gmt":"2016-11-26T18:52:11","guid":{"rendered":"http:\/\/www.firme-ingetec.com\/en\/?page_id=40"},"modified":"2017-02-20T21:15:58","modified_gmt":"2017-02-20T20:15:58","slug":"mandatory-inspection-safety-standards-for-facades-and-multi-level-parkings-bill-122","status":"publish","type":"page","link":"https:\/\/www.firme-ingetec.com\/en\/services\/mandatory-inspection-safety-standards-for-facades-and-multi-level-parkings-bill-122\/","title":{"rendered":"Mandatory inspection \u2013 Safety standards for fa\u00e7ades and multi-level parkings \u2013 BILL 122"},"content":{"rendered":"<h3>MANDATORY PERIODIC INSPECTION OF FA\u00c7ADES\u00a0 AND MULTI-LEVEL PARKINGS<\/h3>\n<p>The new Chapter VIII, Building, of the R\u00e9gie du b\u00e2timent du Qu\u00e9bec (RBQ) Safety Code came into effect on March 18, 2013.\u00a0 It requires complete and periodic mandatory inspection of high-rise buildings fa\u00e7ades and multi-level parkings by professional members of the Ordre des Ing\u00e9nieurs du Qu\u00e9bec (OIQ) in order to protect the public against accidents caused by loose components that could detach from building fa\u00e7ades or by collapse of concrete structural elements.<\/p>\n<p>Owners must therefore have their buildings fa\u00e7ades and multi-level parkings inspected on a regular basis and proceed to urgent or permanent repair work in order to ensure safety of occupants and of the general public.<\/p>\n<p>In addition, owners must keep a maintenance record of the building and attest of the safety of building components.<\/p>\n<h3>Fa\u00e7ades<\/h3>\nngg_shortcode_0_placeholder\n<p>The owner or the association of co-owners of a residential or commercial building of five (5) storeys and more will be required to keep on premises all building fa\u00e7ades audit reports required to be issued every five (5) years starting from the 10th anniversary of the building construction.\u00a0 Such audits imply verification of exterior sidings, balconies, balustrades and other components of fa\u00e7ades by a thorough visual and tactile inspection and partial dismantling or exploratory cuts, as required.<\/p>\n<h3><b>Multi-level parkings<\/b><\/h3>\nngg_shortcode_1_placeholder\n<p>Structural concrete slabs and other components of multi-level parking structures will also have to be thoroughly verified by an engineer every five (5) years.\u00a0 The first inspection must be performed between 12 and 18 months after the parking lot construction.\u00a0 Reports issued further to these inspections are also to be kept on premises, according to the R\u00e9gie\u2019s requirements.<\/p>\n<p>For several years now, our firm has been providing in Qu\u00e9bec professional services required by this new regulation, namely:<\/p>\n<ul>\n<li>Thorough visual inspection of all components of building fa\u00e7ades with a crane, man lift, aerial platform or other lifting equipment<\/li>\n<li>Partial dismantling of certain sidings in order to verify the condition of components behind<\/li>\n<li>Exploratory cuts in masonry cladding<\/li>\n<li>Assistance and guidance in the implementation of emergency measures in the event of detection of hazardous conditions<\/li>\n<li>Issuance of a report<b><\/b><\/li>\n<\/ul>\n<p>As strong demand is expected and in order to meet deadlines prescribed by the Building Code, we invite you to have this inspection performed as soon as possible.<\/p>\n<p>For\u00a0 further information on bill 122 and the RBQ Safety Code, here are few relevant links\u00a0:<\/p>\n<ul>\n<li><a href=\"http:\/\/www.assnat.qc.ca\/en\/travaux-parlementaires\/projets-loi\/projet-loi-122-39-1.html\">http:\/\/www.assnat.qc.ca\/en\/travaux-parlementaires\/projets-loi\/projet-loi-122-39-1.html<\/a><\/li>\n<li><a href=\"http:\/\/www.apq.org\/News.aspx?id=1&amp;lang=fr&amp;newsid=2188\">http:\/\/www.apq.org\/News.aspx?id=1&amp;lang=fr&amp;newsid=2188<\/a><span style=\"text-decoration: underline;\"> (in French)<\/span><\/li>\n<li><a href=\"http:\/\/www.rgcq.org\/rgcq\/nouvelles\/41-montreal\/296-nouvelle-loi-122\">http:\/\/www.rgcq.org\/rgcq\/nouvelles\/41-montreal\/296-nouvelle-loi-122<\/a><span style=\"text-decoration: underline;\"> (in French)<\/span><\/li>\n<li><a href=\"https:\/\/www.rbq.gouv.qc.ca\/en\/laws-regulations-and-codes\/construction-code-and-safety-code.html\">https:\/\/www.rbq.gouv.qc.ca\/en\/laws-regulations-and-codes\/construction-code-and-safety-code.html<\/a><\/li>\n<\/ul>\n","protected":false},"excerpt":{"rendered":"MANDATORY PERIODIC INSPECTION OF FA\u00c7ADES\u00a0 AND MULTI-LEVEL PARKINGS The new Chapter VIII, Building, of the R\u00e9gie du b\u00e2timent du Qu\u00e9bec (RBQ) Safety Code came into effect on March 18, 2013.\u00a0 It requires complete and periodic mandatory inspection of high-rise buildings fa\u00e7ades and multi-level parkings by professional members of the Ordre des Ing\u00e9nieurs du Qu\u00e9bec (OIQ)&#8230; <a class=\"view-article\" href=\"https:\/\/www.firme-ingetec.com\/en\/services\/mandatory-inspection-safety-standards-for-facades-and-multi-level-parkings-bill-122\/\">View Article<\/a>","protected":false},"author":1,"featured_media":0,"parent":38,"menu_order":0,"comment_status":"closed","ping_status":"closed","template":"","meta":{"_exactmetrics_skip_tracking":false,"_exactmetrics_sitenote_active":false,"_exactmetrics_sitenote_note":"","_exactmetrics_sitenote_category":0,"ngg_post_thumbnail":0,"footnotes":""},"class_list":["post-40","page","type-page","status-publish","hentry"],"yoast_head":"<!-- This site is optimized with the Yoast SEO plugin v27.4 - https:\/\/yoast.com\/product\/yoast-seo-wordpress\/ -->\n<title>Mandatory inspection \u2013 Safety standards for fa\u00e7ades and multi-level parkings \u2013 BILL 122 - Experts en b\u00e2timent | Ingetec<\/title>\n<meta name=\"robots\" content=\"index, follow, max-snippet:-1, max-image-preview:large, max-video-preview:-1\" \/>\n<link rel=\"canonical\" href=\"https:\/\/www.firme-ingetec.com\/en\/services\/mandatory-inspection-safety-standards-for-facades-and-multi-level-parkings-bill-122\/\" \/>\n<meta property=\"og:locale\" content=\"en_US\" \/>\n<meta property=\"og:type\" content=\"article\" \/>\n<meta property=\"og:title\" content=\"Mandatory inspection \u2013 Safety standards for fa\u00e7ades and multi-level parkings \u2013 BILL 122 - Experts en b\u00e2timent | Ingetec\" \/>\n<meta property=\"og:description\" content=\"MANDATORY PERIODIC INSPECTION OF FA\u00c7ADES\u00a0 AND MULTI-LEVEL PARKINGS The new Chapter VIII, Building, of the R\u00e9gie du b\u00e2timent du Qu\u00e9bec (RBQ) Safety Code came into effect on March 18, 2013.\u00a0 It requires complete and periodic mandatory inspection of high-rise buildings fa\u00e7ades and multi-level parkings by professional members of the Ordre des Ing\u00e9nieurs du Qu\u00e9bec (OIQ)... View Article\" \/>\n<meta property=\"og:url\" content=\"https:\/\/www.firme-ingetec.com\/en\/services\/mandatory-inspection-safety-standards-for-facades-and-multi-level-parkings-bill-122\/\" \/>\n<meta property=\"og:site_name\" content=\"Experts en b\u00e2timent | Ingetec\" \/>\n<meta property=\"article:modified_time\" content=\"2017-02-20T20:15:58+00:00\" \/>\n<meta name=\"twitter:card\" content=\"summary_large_image\" \/>\n<meta name=\"twitter:label1\" content=\"Est. reading time\" \/>\n\t<meta name=\"twitter:data1\" content=\"3 minutes\" \/>\n<script type=\"application\/ld+json\" class=\"yoast-schema-graph\">{\"@context\":\"https:\\\/\\\/schema.org\",\"@graph\":[{\"@type\":\"WebPage\",\"@id\":\"https:\\\/\\\/www.firme-ingetec.com\\\/en\\\/services\\\/mandatory-inspection-safety-standards-for-facades-and-multi-level-parkings-bill-122\\\/\",\"url\":\"https:\\\/\\\/www.firme-ingetec.com\\\/en\\\/services\\\/mandatory-inspection-safety-standards-for-facades-and-multi-level-parkings-bill-122\\\/\",\"name\":\"Mandatory inspection \u2013 Safety standards for fa\u00e7ades and multi-level parkings \u2013 BILL 122 - Experts en b\u00e2timent | Ingetec\",\"isPartOf\":{\"@id\":\"https:\\\/\\\/www.firme-ingetec.com\\\/en\\\/#website\"},\"datePublished\":\"2016-11-26T18:52:11+00:00\",\"dateModified\":\"2017-02-20T20:15:58+00:00\",\"breadcrumb\":{\"@id\":\"https:\\\/\\\/www.firme-ingetec.com\\\/en\\\/services\\\/mandatory-inspection-safety-standards-for-facades-and-multi-level-parkings-bill-122\\\/#breadcrumb\"},\"inLanguage\":\"en-US\",\"potentialAction\":[{\"@type\":\"ReadAction\",\"target\":[\"https:\\\/\\\/www.firme-ingetec.com\\\/en\\\/services\\\/mandatory-inspection-safety-standards-for-facades-and-multi-level-parkings-bill-122\\\/\"]}]},{\"@type\":\"BreadcrumbList\",\"@id\":\"https:\\\/\\\/www.firme-ingetec.com\\\/en\\\/services\\\/mandatory-inspection-safety-standards-for-facades-and-multi-level-parkings-bill-122\\\/#breadcrumb\",\"itemListElement\":[{\"@type\":\"ListItem\",\"position\":1,\"name\":\"Accueil\",\"item\":\"https:\\\/\\\/www.firme-ingetec.com\\\/en\\\/\"},{\"@type\":\"ListItem\",\"position\":2,\"name\":\"Services\",\"item\":\"https:\\\/\\\/www.firme-ingetec.com\\\/en\\\/services\\\/\"},{\"@type\":\"ListItem\",\"position\":3,\"name\":\"Mandatory inspection \u2013 Safety standards for fa\u00e7ades and multi-level parkings \u2013 BILL 122\"}]},{\"@type\":\"WebSite\",\"@id\":\"https:\\\/\\\/www.firme-ingetec.com\\\/en\\\/#website\",\"url\":\"https:\\\/\\\/www.firme-ingetec.com\\\/en\\\/\",\"name\":\"Experts en b\u00e2timent | Ingetec\",\"description\":\"Experts en b\u00e2timent | Ingetec\",\"potentialAction\":[{\"@type\":\"SearchAction\",\"target\":{\"@type\":\"EntryPoint\",\"urlTemplate\":\"https:\\\/\\\/www.firme-ingetec.com\\\/en\\\/?s={search_term_string}\"},\"query-input\":{\"@type\":\"PropertyValueSpecification\",\"valueRequired\":true,\"valueName\":\"search_term_string\"}}],\"inLanguage\":\"en-US\"}]}<\/script>\n<!-- \/ Yoast SEO plugin. -->","yoast_head_json":{"title":"Mandatory inspection \u2013 Safety standards for fa\u00e7ades and multi-level parkings \u2013 BILL 122 - Experts en b\u00e2timent | Ingetec","robots":{"index":"index","follow":"follow","max-snippet":"max-snippet:-1","max-image-preview":"max-image-preview:large","max-video-preview":"max-video-preview:-1"},"canonical":"https:\/\/www.firme-ingetec.com\/en\/services\/mandatory-inspection-safety-standards-for-facades-and-multi-level-parkings-bill-122\/","og_locale":"en_US","og_type":"article","og_title":"Mandatory inspection \u2013 Safety standards for fa\u00e7ades and multi-level parkings \u2013 BILL 122 - Experts en b\u00e2timent | Ingetec","og_description":"MANDATORY PERIODIC INSPECTION OF FA\u00c7ADES\u00a0 AND MULTI-LEVEL PARKINGS The new Chapter VIII, Building, of the R\u00e9gie du b\u00e2timent du Qu\u00e9bec (RBQ) Safety Code came into effect on March 18, 2013.\u00a0 It requires complete and periodic mandatory inspection of high-rise buildings fa\u00e7ades and multi-level parkings by professional members of the Ordre des Ing\u00e9nieurs du Qu\u00e9bec (OIQ)... View Article","og_url":"https:\/\/www.firme-ingetec.com\/en\/services\/mandatory-inspection-safety-standards-for-facades-and-multi-level-parkings-bill-122\/","og_site_name":"Experts en b\u00e2timent | Ingetec","article_modified_time":"2017-02-20T20:15:58+00:00","twitter_card":"summary_large_image","twitter_misc":{"Est. reading time":"3 minutes"},"schema":{"@context":"https:\/\/schema.org","@graph":[{"@type":"WebPage","@id":"https:\/\/www.firme-ingetec.com\/en\/services\/mandatory-inspection-safety-standards-for-facades-and-multi-level-parkings-bill-122\/","url":"https:\/\/www.firme-ingetec.com\/en\/services\/mandatory-inspection-safety-standards-for-facades-and-multi-level-parkings-bill-122\/","name":"Mandatory inspection \u2013 Safety standards for fa\u00e7ades and multi-level parkings \u2013 BILL 122 - Experts en b\u00e2timent | Ingetec","isPartOf":{"@id":"https:\/\/www.firme-ingetec.com\/en\/#website"},"datePublished":"2016-11-26T18:52:11+00:00","dateModified":"2017-02-20T20:15:58+00:00","breadcrumb":{"@id":"https:\/\/www.firme-ingetec.com\/en\/services\/mandatory-inspection-safety-standards-for-facades-and-multi-level-parkings-bill-122\/#breadcrumb"},"inLanguage":"en-US","potentialAction":[{"@type":"ReadAction","target":["https:\/\/www.firme-ingetec.com\/en\/services\/mandatory-inspection-safety-standards-for-facades-and-multi-level-parkings-bill-122\/"]}]},{"@type":"BreadcrumbList","@id":"https:\/\/www.firme-ingetec.com\/en\/services\/mandatory-inspection-safety-standards-for-facades-and-multi-level-parkings-bill-122\/#breadcrumb","itemListElement":[{"@type":"ListItem","position":1,"name":"Accueil","item":"https:\/\/www.firme-ingetec.com\/en\/"},{"@type":"ListItem","position":2,"name":"Services","item":"https:\/\/www.firme-ingetec.com\/en\/services\/"},{"@type":"ListItem","position":3,"name":"Mandatory inspection \u2013 Safety standards for fa\u00e7ades and multi-level parkings \u2013 BILL 122"}]},{"@type":"WebSite","@id":"https:\/\/www.firme-ingetec.com\/en\/#website","url":"https:\/\/www.firme-ingetec.com\/en\/","name":"Experts en b\u00e2timent | Ingetec","description":"Experts en b\u00e2timent | Ingetec","potentialAction":[{"@type":"SearchAction","target":{"@type":"EntryPoint","urlTemplate":"https:\/\/www.firme-ingetec.com\/en\/?s={search_term_string}"},"query-input":{"@type":"PropertyValueSpecification","valueRequired":true,"valueName":"search_term_string"}}],"inLanguage":"en-US"}]}},"_links":{"self":[{"href":"https:\/\/www.firme-ingetec.com\/en\/wp-json\/wp\/v2\/pages\/40","targetHints":{"allow":["GET"]}}],"collection":[{"href":"https:\/\/www.firme-ingetec.com\/en\/wp-json\/wp\/v2\/pages"}],"about":[{"href":"https:\/\/www.firme-ingetec.com\/en\/wp-json\/wp\/v2\/types\/page"}],"author":[{"embeddable":true,"href":"https:\/\/www.firme-ingetec.com\/en\/wp-json\/wp\/v2\/users\/1"}],"replies":[{"embeddable":true,"href":"https:\/\/www.firme-ingetec.com\/en\/wp-json\/wp\/v2\/comments?post=40"}],"version-history":[{"count":6,"href":"https:\/\/www.firme-ingetec.com\/en\/wp-json\/wp\/v2\/pages\/40\/revisions"}],"predecessor-version":[{"id":732,"href":"https:\/\/www.firme-ingetec.com\/en\/wp-json\/wp\/v2\/pages\/40\/revisions\/732"}],"up":[{"embeddable":true,"href":"https:\/\/www.firme-ingetec.com\/en\/wp-json\/wp\/v2\/pages\/38"}],"wp:attachment":[{"href":"https:\/\/www.firme-ingetec.com\/en\/wp-json\/wp\/v2\/media?parent=40"}],"curies":[{"name":"wp","href":"https:\/\/api.w.org\/{rel}","templated":true}]}}