{"id":1635,"date":"2023-07-03T17:02:09","date_gmt":"2023-07-03T21:02:09","guid":{"rendered":"https:\/\/www.firme-ingetec.com\/?page_id=1635"},"modified":"2023-07-03T17:02:09","modified_gmt":"2023-07-03T21:02:09","slug":"privacy-policy","status":"publish","type":"page","link":"https:\/\/www.firme-ingetec.com\/en\/privacy-policy\/","title":{"rendered":"Privacy Policy"},"content":{"rendered":"<p><strong>Ingetec Experts-Conseils en B\u00e2timents Inc. <\/strong><strong>Privacy Policy<\/strong><\/p>\n<p>Ingetec Experts-Conseils en B\u00e2timents Inc. takes the protection of your personal information very seriously. We understand the importance of maintaining the confidentiality of your personal information and are committed to protecting it. This Privacy Policy describes the types of information we collect, how we use it, and how we protect it.<\/p>\n<p><strong>Collection of Personal Information<\/strong><\/p>\n<p>All information that could identify an individual (e-mail address, telephone number, financial information, mailing address, etc.) is referred to as &#8220;personal information&#8221;.<\/p>\n<p>Your personal information is collected in several ways by Ingetec Experts-Conseils en B\u00e2timents Inc. These can be transmitted, either via our website, or by telephone. They can also come from a contest, a newsletter subscription or our social media platforms.<\/p>\n<p>We only collect personal information that is necessary to provide our services. This information includes:<\/p>\n<ul>\n<li style=\"list-style-type: none;\">\n<ul>\n<li>Your first and last name;<\/li>\n<li>Your street address;<\/li>\n<li>Your phone number;<\/li>\n<li>Your email address;<\/li>\n<li>Your payment information;<\/li>\n<\/ul>\n<\/li>\n<\/ul>\n<p>&nbsp;<\/p>\n<p>We do not collect sensitive personal information such as your race, ethnicity, political opinion or religious belief.<\/p>\n<p><strong>Use of Personal Information<\/strong><\/p>\n<p>We use your personal information to provide services and communicate with you about those services. In some cases, this information may be shared with trusted partners of Ingetec Experts-Conseils en B\u00e2timents Inc. to ensure the provision of services. Only the service providers involved in your mandate will receive this information, and only if they need it to ensure the smooth running of your mandate. We may also use your personal information to send you promotional offers and information about our services. We do not share your personal information with third parties for marketing purposes without your consent.<\/p>\n<p>Also, it is also important to know that Ingetec Experts-Conseils en B\u00e2timents Inc. is not responsible for the use and disclosure of personal information that you provide yourself to the third parties concerned for your mandate, during or after your mandate.<\/p>\n<p><strong>Security of your data<\/strong><\/p>\n<p>We take appropriate security measures to protect your personal information from unauthorized access, alteration or disclosure. We limit access to your personal information to those employees who need the information to provide services and to service providers who need it for the proper conduct of your mandate.<\/p>\n<p><strong>Shelf life<\/strong><\/p>\n<p>Your personal information is retained by the Company only for the time corresponding to the purposes for which it was collected, unless a longer retention period is required or permitted by law. If we no longer have a legitimate business interest in continuing to process your personal information, we will delete or anonymize it, or if it is not possible to do so (because, for example, your personal information has been stored in backup archives), then we will store your personal information securely and ensure that it ceases to be processed until it is possible to delete it.<\/p>\n<p><strong>Contact details of the Privacy Officer<\/strong><\/p>\n<p><a href=\"mailto:privacy@ingetec.pro\">privacy@ingetec.pro<\/a><\/p>\n<p>The Privacy Officer will contact you within thirty (30) days of receiving your email.<\/p>\n<p>In the event of a serious confidentiality incident, Ingetec Experts-Conseils en B\u00e2timents Inc. will notify the Commission d&#8217;acc\u00e8s \u00e0 l&#8217;information du Qu\u00e9bec, as well as the persons concerned by the incident.<\/p>\n<p><strong>Consent<\/strong><\/p>\n<p>By using our services, you consent to the collection, use and disclosure of your personal information in accordance with this Privacy Policy. If you have any questions or concerns about the protection of your personal information, please contact us by email at <a href=\"mailto:privacy@ingetec.pro\">privacy@ingetec.pro<\/a> .<\/p>\n<p><strong>Policy Update Above<\/strong><\/p>\n<p>We reserve the right to change this Privacy Policy at any time. Any changes will be posted on our website and will be effective immediately.<\/p>\n<p>This version was updated on July 26th, 2023.<\/p>\n","protected":false},"excerpt":{"rendered":"Ingetec Experts-Conseils en B\u00e2timents Inc. Privacy Policy Ingetec Experts-Conseils en B\u00e2timents Inc. takes the protection of your personal information very seriously. We understand the importance of maintaining the confidentiality of your personal information and are committed to protecting it. This Privacy Policy describes the types of information we collect, how we use it, and how&#8230; <a class=\"view-article\" href=\"https:\/\/www.firme-ingetec.com\/en\/privacy-policy\/\">View Article<\/a>","protected":false},"author":4,"featured_media":0,"parent":0,"menu_order":0,"comment_status":"closed","ping_status":"closed","template":"","meta":{"_exactmetrics_skip_tracking":false,"_exactmetrics_sitenote_active":false,"_exactmetrics_sitenote_note":"","_exactmetrics_sitenote_category":0,"ngg_post_thumbnail":0,"footnotes":""},"class_list":["post-1635","page","type-page","status-publish","hentry"],"yoast_head":"<!-- This site is optimized with the Yoast SEO plugin v27.4 - https:\/\/yoast.com\/product\/yoast-seo-wordpress\/ -->\n<title>Privacy Policy - Experts en b\u00e2timent | Ingetec<\/title>\n<meta name=\"robots\" content=\"index, follow, max-snippet:-1, max-image-preview:large, max-video-preview:-1\" \/>\n<link rel=\"canonical\" href=\"https:\/\/www.firme-ingetec.com\/en\/privacy-policy\/\" \/>\n<meta property=\"og:locale\" content=\"en_US\" \/>\n<meta property=\"og:type\" content=\"article\" \/>\n<meta property=\"og:title\" content=\"Privacy Policy - Experts en b\u00e2timent | Ingetec\" \/>\n<meta property=\"og:description\" content=\"Ingetec Experts-Conseils en B\u00e2timents Inc. Privacy Policy Ingetec Experts-Conseils en B\u00e2timents Inc. takes the protection of your personal information very seriously. We understand the importance of maintaining the confidentiality of your personal information and are committed to protecting it. This Privacy Policy describes the types of information we collect, how we use it, and how... View Article\" \/>\n<meta property=\"og:url\" content=\"https:\/\/www.firme-ingetec.com\/en\/privacy-policy\/\" \/>\n<meta property=\"og:site_name\" content=\"Experts en b\u00e2timent | Ingetec\" \/>\n<meta name=\"twitter:card\" content=\"summary_large_image\" \/>\n<meta name=\"twitter:label1\" content=\"Est. reading time\" \/>\n\t<meta name=\"twitter:data1\" content=\"4 minutes\" \/>\n<script type=\"application\/ld+json\" class=\"yoast-schema-graph\">{\"@context\":\"https:\\\/\\\/schema.org\",\"@graph\":[{\"@type\":\"WebPage\",\"@id\":\"https:\\\/\\\/www.firme-ingetec.com\\\/en\\\/privacy-policy\\\/\",\"url\":\"https:\\\/\\\/www.firme-ingetec.com\\\/en\\\/privacy-policy\\\/\",\"name\":\"Privacy Policy - Experts en b\u00e2timent | Ingetec\",\"isPartOf\":{\"@id\":\"https:\\\/\\\/www.firme-ingetec.com\\\/en\\\/#website\"},\"datePublished\":\"2023-07-03T21:02:09+00:00\",\"breadcrumb\":{\"@id\":\"https:\\\/\\\/www.firme-ingetec.com\\\/en\\\/privacy-policy\\\/#breadcrumb\"},\"inLanguage\":\"en-US\",\"potentialAction\":[{\"@type\":\"ReadAction\",\"target\":[\"https:\\\/\\\/www.firme-ingetec.com\\\/en\\\/privacy-policy\\\/\"]}]},{\"@type\":\"BreadcrumbList\",\"@id\":\"https:\\\/\\\/www.firme-ingetec.com\\\/en\\\/privacy-policy\\\/#breadcrumb\",\"itemListElement\":[{\"@type\":\"ListItem\",\"position\":1,\"name\":\"Accueil\",\"item\":\"https:\\\/\\\/www.firme-ingetec.com\\\/en\\\/\"},{\"@type\":\"ListItem\",\"position\":2,\"name\":\"Privacy Policy\"}]},{\"@type\":\"WebSite\",\"@id\":\"https:\\\/\\\/www.firme-ingetec.com\\\/en\\\/#website\",\"url\":\"https:\\\/\\\/www.firme-ingetec.com\\\/en\\\/\",\"name\":\"Experts en b\u00e2timent | Ingetec\",\"description\":\"Experts en b\u00e2timent | Ingetec\",\"potentialAction\":[{\"@type\":\"SearchAction\",\"target\":{\"@type\":\"EntryPoint\",\"urlTemplate\":\"https:\\\/\\\/www.firme-ingetec.com\\\/en\\\/?s={search_term_string}\"},\"query-input\":{\"@type\":\"PropertyValueSpecification\",\"valueRequired\":true,\"valueName\":\"search_term_string\"}}],\"inLanguage\":\"en-US\"}]}<\/script>\n<!-- \/ Yoast SEO plugin. -->","yoast_head_json":{"title":"Privacy Policy - Experts en b\u00e2timent | Ingetec","robots":{"index":"index","follow":"follow","max-snippet":"max-snippet:-1","max-image-preview":"max-image-preview:large","max-video-preview":"max-video-preview:-1"},"canonical":"https:\/\/www.firme-ingetec.com\/en\/privacy-policy\/","og_locale":"en_US","og_type":"article","og_title":"Privacy Policy - Experts en b\u00e2timent | Ingetec","og_description":"Ingetec Experts-Conseils en B\u00e2timents Inc. Privacy Policy Ingetec Experts-Conseils en B\u00e2timents Inc. takes the protection of your personal information very seriously. We understand the importance of maintaining the confidentiality of your personal information and are committed to protecting it. This Privacy Policy describes the types of information we collect, how we use it, and how... View Article","og_url":"https:\/\/www.firme-ingetec.com\/en\/privacy-policy\/","og_site_name":"Experts en b\u00e2timent | Ingetec","twitter_card":"summary_large_image","twitter_misc":{"Est. reading time":"4 minutes"},"schema":{"@context":"https:\/\/schema.org","@graph":[{"@type":"WebPage","@id":"https:\/\/www.firme-ingetec.com\/en\/privacy-policy\/","url":"https:\/\/www.firme-ingetec.com\/en\/privacy-policy\/","name":"Privacy Policy - Experts en b\u00e2timent | Ingetec","isPartOf":{"@id":"https:\/\/www.firme-ingetec.com\/en\/#website"},"datePublished":"2023-07-03T21:02:09+00:00","breadcrumb":{"@id":"https:\/\/www.firme-ingetec.com\/en\/privacy-policy\/#breadcrumb"},"inLanguage":"en-US","potentialAction":[{"@type":"ReadAction","target":["https:\/\/www.firme-ingetec.com\/en\/privacy-policy\/"]}]},{"@type":"BreadcrumbList","@id":"https:\/\/www.firme-ingetec.com\/en\/privacy-policy\/#breadcrumb","itemListElement":[{"@type":"ListItem","position":1,"name":"Accueil","item":"https:\/\/www.firme-ingetec.com\/en\/"},{"@type":"ListItem","position":2,"name":"Privacy Policy"}]},{"@type":"WebSite","@id":"https:\/\/www.firme-ingetec.com\/en\/#website","url":"https:\/\/www.firme-ingetec.com\/en\/","name":"Experts en b\u00e2timent | Ingetec","description":"Experts en b\u00e2timent | Ingetec","potentialAction":[{"@type":"SearchAction","target":{"@type":"EntryPoint","urlTemplate":"https:\/\/www.firme-ingetec.com\/en\/?s={search_term_string}"},"query-input":{"@type":"PropertyValueSpecification","valueRequired":true,"valueName":"search_term_string"}}],"inLanguage":"en-US"}]}},"_links":{"self":[{"href":"https:\/\/www.firme-ingetec.com\/en\/wp-json\/wp\/v2\/pages\/1635","targetHints":{"allow":["GET"]}}],"collection":[{"href":"https:\/\/www.firme-ingetec.com\/en\/wp-json\/wp\/v2\/pages"}],"about":[{"href":"https:\/\/www.firme-ingetec.com\/en\/wp-json\/wp\/v2\/types\/page"}],"author":[{"embeddable":true,"href":"https:\/\/www.firme-ingetec.com\/en\/wp-json\/wp\/v2\/users\/4"}],"replies":[{"embeddable":true,"href":"https:\/\/www.firme-ingetec.com\/en\/wp-json\/wp\/v2\/comments?post=1635"}],"version-history":[{"count":1,"href":"https:\/\/www.firme-ingetec.com\/en\/wp-json\/wp\/v2\/pages\/1635\/revisions"}],"predecessor-version":[{"id":1636,"href":"https:\/\/www.firme-ingetec.com\/en\/wp-json\/wp\/v2\/pages\/1635\/revisions\/1636"}],"wp:attachment":[{"href":"https:\/\/www.firme-ingetec.com\/en\/wp-json\/wp\/v2\/media?parent=1635"}],"curies":[{"name":"wp","href":"https:\/\/api.w.org\/{rel}","templated":true}]}}